{"id":6491,"date":"2025-12-04T10:02:17","date_gmt":"2025-12-04T15:02:17","guid":{"rendered":"https:\/\/farmacialha.com\/veterinaria\/?post_type=product&#038;p=6491"},"modified":"2025-12-04T10:25:50","modified_gmt":"2025-12-04T15:25:50","slug":"estrelha-spray","status":"publish","type":"product","link":"https:\/\/farmacialha.com\/veterinaria\/product\/estrelha-spray\/","title":{"rendered":"EstreLHA Spray"},"content":{"rendered":"<div class=\"product_meta\"><span class=\"sku_wrapper\">SKU:<span class=\"sku\">7707214804143<\/span><\/span><\/div>\n<div class=\"product_meta\"><span class=\"tagged_as\">Tag:<a href=\"https:\/\/farmacialha.com\/humana\/product-tag\/estrelha-spraysprayemocional\/\" rel=\"tag\">EstreLHA Spray;Spray;Emocional;;<\/a><\/span><\/div>\n<div class=\"elementor elementor-2265\" data-elementor-type=\"wp-post\" data-elementor-id=\"2265\">\n<section class=\"elementor-section elementor-top-section elementor-element elementor-element-5f56d757 elementor-section-boxed elementor-section-height-default elementor-section-height-default\" data-id=\"5f56d757\" data-element_type=\"section\">\n<div class=\"elementor-container elementor-column-gap-default\">\n<div class=\"elementor-column elementor-col-100 elementor-top-column elementor-element elementor-element-2cdba987\" data-id=\"2cdba987\" data-element_type=\"column\">\n<div class=\"elementor-widget-wrap elementor-element-populated\">\n<div class=\"elementor-element elementor-element-1a736649 elementor-widget elementor-widget-text-editor\" data-id=\"1a736649\" data-element_type=\"widget\" data-widget_type=\"text-editor.default\">\n<div class=\"elementor-widget-container\">Esencia floral de la l\u00ednea humana para inseguridad, ansiedad, miedo en public\u00f3, estr\u00e9s, falta de concentraci\u00f3n. Spray bucal x 20mL.<\/div>\n<\/div>\n<\/div>\n<\/div>\n<\/div>\n<\/section>\n<\/div>\n<p><a href=\"https:\/\/farmacialha.com\/humana\/wp-content\/uploads\/2024\/09\/BPM-INVIMA-LHA-2024_LTDA.pdf\">\u00a0<\/a><\/p>\n<h4><a href=\"https:\/\/farmacialha.com\/humana\/wp-content\/uploads\/2024\/09\/BPM-INVIMA-LHA-2024_LTDA.pdf\"><img loading=\"lazy\" loading=\"lazy\" decoding=\"async\" class=\"alignnone wp-image-5002\" src=\"https:\/\/farmacialha.com\/veterinaria\/wp-content\/uploads\/2024\/09\/CALIDAD-1.svg\" alt=\"\" width=\"27\" height=\"27\" \/>\u00a0 \u00a0 <\/a>Registro Invima &#8211; NO APLICA.<\/h4>\n<p>&nbsp;<\/p>\n<p><img loading=\"lazy\" loading=\"lazy\" decoding=\"async\" class=\"alignnone wp-image-4993\" src=\"https:\/\/farmacialha.com\/veterinaria\/wp-content\/uploads\/2024\/09\/FORMULAMEDICA.svg\" alt=\"\" width=\"30\" height=\"30\" \/>\u00a0 \u00a0 \u00a0Producto disponible con <b>F\u00d3RMULA M\u00c9DICA<\/b><\/p>\n<p>&nbsp;<\/p>\n<p><img loading=\"lazy\" loading=\"lazy\" decoding=\"async\" class=\"alignnone wp-image-4376\" src=\"https:\/\/farmacialha.com\/veterinaria\/wp-content\/uploads\/2024\/09\/ENVIOS.svg\" alt=\"\" width=\"38\" height=\"38\" \/>\u00a0 \u00a0Env\u00edos a la puerta de tu casa.<\/p>\n<p>&nbsp;<\/p>\n<p><img loading=\"lazy\" loading=\"lazy\" decoding=\"async\" class=\"alignnone wp-image-4379\" src=\"https:\/\/farmacialha.com\/veterinaria\/wp-content\/uploads\/2024\/09\/COBERTURA1.svg\" alt=\"\" width=\"36\" height=\"35\" \/>\u00a0 \u00a0Cobertura, Bogot\u00e1 y Cundinamarca.<\/p>\n<p>&nbsp;<\/p>\n<p><img loading=\"lazy\" loading=\"lazy\" decoding=\"async\" class=\"alignnone wp-image-4998\" src=\"https:\/\/farmacialha.com\/veterinaria\/wp-content\/uploads\/2024\/09\/MEDICO-3.svg\" alt=\"\" width=\"32\" height=\"40\" \/>\u00a0 \u00a0 Si eres m\u00e9dico reg\u00edstrate <a href=\"https:\/\/farmacialha.com\/veterinaria\/registrar\/\"><strong>\u00a0Aqu\u00ed.<\/strong><\/a><\/p>\n<div style='text-align:left' class='yasr-auto-insert-visitor'><\/div>","protected":false},"excerpt":{"rendered":"<p>SKU:7707214804143 Tag:EstreLHA Spray;Spray;Emocional;; Esencia floral de la l\u00ednea humana para inseguridad, ansiedad, miedo en public\u00f3, estr\u00e9s, falta&#8230;<\/p>\n","protected":false},"featured_media":6499,"template":"","meta":{"yasr_overall_rating":0,"yasr_post_is_review":"","yasr_auto_insert_disabled":"","yasr_review_type":""},"etheme_brands":[],"product_brand":[],"product_cat":[364],"product_tag":[],"class_list":{"0":"post-6491","1":"product","2":"type-product","3":"status-publish","4":"has-post-thumbnail","6":"product_cat-articular","8":"first","9":"instock","10":"shipping-taxable","11":"purchasable","12":"product-type-simple"},"yasr_visitor_votes":{"stars_attributes":{"read_only":false,"span_bottom":false},"number_of_votes":0,"sum_votes":0},"yoast_head":"<!-- This site is optimized with the Yoast SEO plugin v26.1.1 - https:\/\/yoast.com\/wordpress\/plugins\/seo\/ -->\n<title>EstreLHA Spray - Farmacia veterinaria LHA<\/title>\n<meta name=\"robots\" content=\"index, follow, max-snippet:-1, max-image-preview:large, max-video-preview:-1\" \/>\n<link rel=\"canonical\" href=\"https:\/\/farmacialha.com\/veterinaria\/product\/estrelha-spray\/\" \/>\n<meta property=\"og:locale\" content=\"es_ES\" \/>\n<meta property=\"og:type\" content=\"article\" \/>\n<meta property=\"og:title\" content=\"EstreLHA Spray - Farmacia veterinaria LHA\" \/>\n<meta property=\"og:description\" content=\"SKU:7707214804143 Tag:EstreLHA Spray;Spray;Emocional;; Esencia floral de la l\u00ednea humana para inseguridad, ansiedad, miedo en public\u00f3, estr\u00e9s, falta...\" \/>\n<meta property=\"og:url\" content=\"https:\/\/farmacialha.com\/veterinaria\/product\/estrelha-spray\/\" \/>\n<meta property=\"og:site_name\" content=\"Farmacia veterinaria LHA\" \/>\n<meta property=\"article:publisher\" content=\"https:\/\/www.facebook.com\/LHACol\" \/>\n<meta property=\"article:modified_time\" content=\"2025-12-04T15:25:50+00:00\" \/>\n<meta property=\"og:image\" content=\"https:\/\/farmacialha.com\/veterinaria\/wp-content\/uploads\/2025\/12\/ESTRELHA10570.png\" \/>\n\t<meta property=\"og:image:width\" content=\"600\" \/>\n\t<meta property=\"og:image:height\" content=\"600\" \/>\n\t<meta property=\"og:image:type\" content=\"image\/png\" \/>\n<meta name=\"twitter:card\" content=\"summary_large_image\" \/>\n<meta name=\"twitter:label1\" content=\"Tiempo de lectura\" \/>\n\t<meta name=\"twitter:data1\" content=\"2 minutos\" \/>\n<script type=\"application\/ld+json\" class=\"yoast-schema-graph\">{\"@context\":\"https:\/\/schema.org\",\"@graph\":[{\"@type\":\"WebPage\",\"@id\":\"https:\/\/farmacialha.com\/veterinaria\/product\/estrelha-spray\/\",\"url\":\"https:\/\/farmacialha.com\/veterinaria\/product\/estrelha-spray\/\",\"name\":\"EstreLHA Spray - Farmacia veterinaria LHA\",\"isPartOf\":{\"@id\":\"https:\/\/farmacialha.com\/veterinaria\/#website\"},\"primaryImageOfPage\":{\"@id\":\"https:\/\/farmacialha.com\/veterinaria\/product\/estrelha-spray\/#primaryimage\"},\"image\":{\"@id\":\"https:\/\/farmacialha.com\/veterinaria\/product\/estrelha-spray\/#primaryimage\"},\"thumbnailUrl\":\"https:\/\/farmacialha.com\/veterinaria\/wp-content\/uploads\/2025\/12\/ESTRELHA10570.png\",\"datePublished\":\"2025-12-04T15:02:17+00:00\",\"dateModified\":\"2025-12-04T15:25:50+00:00\",\"breadcrumb\":{\"@id\":\"https:\/\/farmacialha.com\/veterinaria\/product\/estrelha-spray\/#breadcrumb\"},\"inLanguage\":\"es\",\"potentialAction\":[{\"@type\":\"ReadAction\",\"target\":[\"https:\/\/farmacialha.com\/veterinaria\/product\/estrelha-spray\/\"]}]},{\"@type\":\"ImageObject\",\"inLanguage\":\"es\",\"@id\":\"https:\/\/farmacialha.com\/veterinaria\/product\/estrelha-spray\/#primaryimage\",\"url\":\"https:\/\/farmacialha.com\/veterinaria\/wp-content\/uploads\/2025\/12\/ESTRELHA10570.png\",\"contentUrl\":\"https:\/\/farmacialha.com\/veterinaria\/wp-content\/uploads\/2025\/12\/ESTRELHA10570.png\",\"width\":600,\"height\":600},{\"@type\":\"BreadcrumbList\",\"@id\":\"https:\/\/farmacialha.com\/veterinaria\/product\/estrelha-spray\/#breadcrumb\",\"itemListElement\":[{\"@type\":\"ListItem\",\"position\":1,\"name\":\"Portada\",\"item\":\"https:\/\/farmacialha.com\/veterinaria\/\"},{\"@type\":\"ListItem\",\"position\":2,\"name\":\"Tienda\",\"item\":\"https:\/\/farmacialha.com\/veterinaria\/shop\/\"},{\"@type\":\"ListItem\",\"position\":3,\"name\":\"EstreLHA Spray\"}]},{\"@type\":\"WebSite\",\"@id\":\"https:\/\/farmacialha.com\/veterinaria\/#website\",\"url\":\"https:\/\/farmacialha.com\/veterinaria\/\",\"name\":\"Farmacia veterinaria LHA\",\"description\":\"Farmacia veterinaria LHA\",\"publisher\":{\"@id\":\"https:\/\/farmacialha.com\/veterinaria\/#organization\"},\"potentialAction\":[{\"@type\":\"SearchAction\",\"target\":{\"@type\":\"EntryPoint\",\"urlTemplate\":\"https:\/\/farmacialha.com\/veterinaria\/?s={search_term_string}\"},\"query-input\":{\"@type\":\"PropertyValueSpecification\",\"valueRequired\":true,\"valueName\":\"search_term_string\"}}],\"inLanguage\":\"es\"},{\"@type\":\"Organization\",\"@id\":\"https:\/\/farmacialha.com\/veterinaria\/#organization\",\"name\":\"Farmacia veterinaria LHA\",\"url\":\"https:\/\/farmacialha.com\/veterinaria\/\",\"logo\":{\"@type\":\"ImageObject\",\"inLanguage\":\"es\",\"@id\":\"https:\/\/farmacialha.com\/veterinaria\/#\/schema\/logo\/image\/\",\"url\":\"https:\/\/farmacialha.com\/veterinaria\/wp-content\/uploads\/2023\/05\/favicon-lha-farmacia-7.png\",\"contentUrl\":\"https:\/\/farmacialha.com\/veterinaria\/wp-content\/uploads\/2023\/05\/favicon-lha-farmacia-7.png\",\"width\":512,\"height\":512,\"caption\":\"Farmacia veterinaria LHA\"},\"image\":{\"@id\":\"https:\/\/farmacialha.com\/veterinaria\/#\/schema\/logo\/image\/\"},\"sameAs\":[\"https:\/\/www.facebook.com\/LHACol\",\"https:\/\/www.instagram.com\/farmacialha\/\"]},false]}<\/script>\n<!-- \/ Yoast SEO plugin. -->","yoast_head_json":{"title":"EstreLHA Spray - Farmacia veterinaria LHA","robots":{"index":"index","follow":"follow","max-snippet":"max-snippet:-1","max-image-preview":"max-image-preview:large","max-video-preview":"max-video-preview:-1"},"canonical":"https:\/\/farmacialha.com\/veterinaria\/product\/estrelha-spray\/","og_locale":"es_ES","og_type":"article","og_title":"EstreLHA Spray - Farmacia veterinaria LHA","og_description":"SKU:7707214804143 Tag:EstreLHA Spray;Spray;Emocional;; Esencia floral de la l\u00ednea humana para inseguridad, ansiedad, miedo en public\u00f3, estr\u00e9s, falta...","og_url":"https:\/\/farmacialha.com\/veterinaria\/product\/estrelha-spray\/","og_site_name":"Farmacia veterinaria LHA","article_publisher":"https:\/\/www.facebook.com\/LHACol","article_modified_time":"2025-12-04T15:25:50+00:00","og_image":[{"width":600,"height":600,"url":"https:\/\/farmacialha.com\/veterinaria\/wp-content\/uploads\/2025\/12\/ESTRELHA10570.png","type":"image\/png"}],"twitter_card":"summary_large_image","twitter_misc":{"Tiempo de lectura":"2 minutos"},"schema":{"@context":"https:\/\/schema.org","@graph":[{"@type":"WebPage","@id":"https:\/\/farmacialha.com\/veterinaria\/product\/estrelha-spray\/","url":"https:\/\/farmacialha.com\/veterinaria\/product\/estrelha-spray\/","name":"EstreLHA Spray - Farmacia veterinaria LHA","isPartOf":{"@id":"https:\/\/farmacialha.com\/veterinaria\/#website"},"primaryImageOfPage":{"@id":"https:\/\/farmacialha.com\/veterinaria\/product\/estrelha-spray\/#primaryimage"},"image":{"@id":"https:\/\/farmacialha.com\/veterinaria\/product\/estrelha-spray\/#primaryimage"},"thumbnailUrl":"https:\/\/farmacialha.com\/veterinaria\/wp-content\/uploads\/2025\/12\/ESTRELHA10570.png","datePublished":"2025-12-04T15:02:17+00:00","dateModified":"2025-12-04T15:25:50+00:00","breadcrumb":{"@id":"https:\/\/farmacialha.com\/veterinaria\/product\/estrelha-spray\/#breadcrumb"},"inLanguage":"es","potentialAction":[{"@type":"ReadAction","target":["https:\/\/farmacialha.com\/veterinaria\/product\/estrelha-spray\/"]}]},{"@type":"ImageObject","inLanguage":"es","@id":"https:\/\/farmacialha.com\/veterinaria\/product\/estrelha-spray\/#primaryimage","url":"https:\/\/farmacialha.com\/veterinaria\/wp-content\/uploads\/2025\/12\/ESTRELHA10570.png","contentUrl":"https:\/\/farmacialha.com\/veterinaria\/wp-content\/uploads\/2025\/12\/ESTRELHA10570.png","width":600,"height":600},{"@type":"BreadcrumbList","@id":"https:\/\/farmacialha.com\/veterinaria\/product\/estrelha-spray\/#breadcrumb","itemListElement":[{"@type":"ListItem","position":1,"name":"Portada","item":"https:\/\/farmacialha.com\/veterinaria\/"},{"@type":"ListItem","position":2,"name":"Tienda","item":"https:\/\/farmacialha.com\/veterinaria\/shop\/"},{"@type":"ListItem","position":3,"name":"EstreLHA Spray"}]},{"@type":"WebSite","@id":"https:\/\/farmacialha.com\/veterinaria\/#website","url":"https:\/\/farmacialha.com\/veterinaria\/","name":"Farmacia veterinaria LHA","description":"Farmacia veterinaria LHA","publisher":{"@id":"https:\/\/farmacialha.com\/veterinaria\/#organization"},"potentialAction":[{"@type":"SearchAction","target":{"@type":"EntryPoint","urlTemplate":"https:\/\/farmacialha.com\/veterinaria\/?s={search_term_string}"},"query-input":{"@type":"PropertyValueSpecification","valueRequired":true,"valueName":"search_term_string"}}],"inLanguage":"es"},{"@type":"Organization","@id":"https:\/\/farmacialha.com\/veterinaria\/#organization","name":"Farmacia veterinaria LHA","url":"https:\/\/farmacialha.com\/veterinaria\/","logo":{"@type":"ImageObject","inLanguage":"es","@id":"https:\/\/farmacialha.com\/veterinaria\/#\/schema\/logo\/image\/","url":"https:\/\/farmacialha.com\/veterinaria\/wp-content\/uploads\/2023\/05\/favicon-lha-farmacia-7.png","contentUrl":"https:\/\/farmacialha.com\/veterinaria\/wp-content\/uploads\/2023\/05\/favicon-lha-farmacia-7.png","width":512,"height":512,"caption":"Farmacia veterinaria LHA"},"image":{"@id":"https:\/\/farmacialha.com\/veterinaria\/#\/schema\/logo\/image\/"},"sameAs":["https:\/\/www.facebook.com\/LHACol","https:\/\/www.instagram.com\/farmacialha\/"]},false]}},"_links":{"self":[{"href":"https:\/\/farmacialha.com\/veterinaria\/wp-json\/wp\/v2\/product\/6491","targetHints":{"allow":["GET"]}}],"collection":[{"href":"https:\/\/farmacialha.com\/veterinaria\/wp-json\/wp\/v2\/product"}],"about":[{"href":"https:\/\/farmacialha.com\/veterinaria\/wp-json\/wp\/v2\/types\/product"}],"version-history":[{"count":6,"href":"https:\/\/farmacialha.com\/veterinaria\/wp-json\/wp\/v2\/product\/6491\/revisions"}],"predecessor-version":[{"id":6498,"href":"https:\/\/farmacialha.com\/veterinaria\/wp-json\/wp\/v2\/product\/6491\/revisions\/6498"}],"wp:featuredmedia":[{"embeddable":true,"href":"https:\/\/farmacialha.com\/veterinaria\/wp-json\/wp\/v2\/media\/6499"}],"wp:attachment":[{"href":"https:\/\/farmacialha.com\/veterinaria\/wp-json\/wp\/v2\/media?parent=6491"}],"wp:term":[{"taxonomy":"brand","embeddable":true,"href":"https:\/\/farmacialha.com\/veterinaria\/wp-json\/wp\/v2\/etheme_brands?post=6491"},{"taxonomy":"product_brand","embeddable":true,"href":"https:\/\/farmacialha.com\/veterinaria\/wp-json\/wp\/v2\/product_brand?post=6491"},{"taxonomy":"product_cat","embeddable":true,"href":"https:\/\/farmacialha.com\/veterinaria\/wp-json\/wp\/v2\/product_cat?post=6491"},{"taxonomy":"product_tag","embeddable":true,"href":"https:\/\/farmacialha.com\/veterinaria\/wp-json\/wp\/v2\/product_tag?post=6491"}],"curies":[{"name":"wp","href":"https:\/\/api.w.org\/{rel}","templated":true}]}}