{"id":3692,"date":"2023-04-03T12:25:07","date_gmt":"2023-04-03T17:25:07","guid":{"rendered":"https:\/\/farmacialha.com\/veterinaria\/registrar\/"},"modified":"2025-05-13T08:25:15","modified_gmt":"2025-05-13T13:25:15","slug":"registrar","status":"publish","type":"page","link":"https:\/\/farmacialha.com\/veterinaria\/registrar\/","title":{"rendered":"Registrar"},"content":{"rendered":"\t\t<div data-elementor-type=\"wp-page\" data-elementor-id=\"3692\" class=\"elementor elementor-3692\">\n\t\t\t\t\t\t<section class=\"elementor-section elementor-top-section elementor-element elementor-element-abd1b9c elementor-section-boxed elementor-section-height-default elementor-section-height-default\" data-id=\"abd1b9c\" data-element_type=\"section\">\n\t\t\t\t\t\t<div class=\"elementor-container elementor-column-gap-default\">\n\t\t\t\t\t<div class=\"elementor-column elementor-col-100 elementor-top-column elementor-element elementor-element-69a940a\" data-id=\"69a940a\" data-element_type=\"column\">\n\t\t\t<div class=\"elementor-widget-wrap elementor-element-populated\">\n\t\t\t\t\t\t<div class=\"elementor-element elementor-element-5876331 elementor-widget elementor-widget-text-editor\" data-id=\"5876331\" data-element_type=\"widget\" data-widget_type=\"text-editor.default\">\n\t\t\t\t<div class=\"elementor-widget-container\">\n\t\t\t\t\t\t\t\t\t<h4><strong>Reg\u00edstrate si eres profesional de la salud.<\/strong><\/h4>\n<p>Te en cuenta que la informaci\u00f3n diligenciada, ser\u00e1 validada en un plazo de<br \/><strong>24 hr\u00a0<\/strong>en d\u00edas h\u00e1biles y\u00a0<strong>72 hr\u00a0<\/strong>durante fines de semana y festivos.<\/p>\t\t\t\t\t\t\t\t<\/div>\n\t\t\t\t<\/div>\n\t\t\t\t\t<\/div>\n\t\t<\/div>\n\t\t\t\t\t<\/div>\n\t\t<\/section>\n\t\t\t\t<section class=\"elementor-section elementor-top-section elementor-element elementor-element-e6eabd7 elementor-section-boxed elementor-section-height-default elementor-section-height-default\" data-id=\"e6eabd7\" data-element_type=\"section\">\n\t\t\t\t\t\t<div class=\"elementor-container elementor-column-gap-no\">\n\t\t\t\t\t<div class=\"elementor-column elementor-col-100 elementor-top-column elementor-element elementor-element-7b4e2c6\" data-id=\"7b4e2c6\" data-element_type=\"column\">\n\t\t\t<div class=\"elementor-widget-wrap elementor-element-populated\">\n\t\t\t\t\t\t<div class=\"elementor-element elementor-element-c99f0dc elementor-widget elementor-widget-text-editor\" data-id=\"c99f0dc\" data-element_type=\"widget\" data-widget_type=\"text-editor.default\">\n\t\t\t\t<div class=\"elementor-widget-container\">\n\t\t\t\t\t\t\t\t\t<p>\n<div class=\"wpcf7 no-js\" id=\"wpcf7-f6098-o1\" lang=\"es-ES\" dir=\"ltr\" data-wpcf7-id=\"6098\">\n<div class=\"screen-reader-response\"><p role=\"status\" aria-live=\"polite\" aria-atomic=\"true\"><\/p> <ul><\/ul><\/div>\n<form action=\"\/veterinaria\/wp-json\/wp\/v2\/pages\/3692#wpcf7-f6098-o1\" method=\"post\" class=\"wpcf7-form init\" aria-label=\"Formulario de contacto\" enctype=\"multipart\/form-data\" novalidate=\"novalidate\" data-status=\"init\">\n<fieldset class=\"hidden-fields-container\"><input type=\"hidden\" name=\"_wpcf7\" value=\"6098\" \/><input type=\"hidden\" name=\"_wpcf7_version\" value=\"6.1.2\" \/><input type=\"hidden\" name=\"_wpcf7_locale\" value=\"es_ES\" \/><input type=\"hidden\" name=\"_wpcf7_unit_tag\" value=\"wpcf7-f6098-o1\" \/><input type=\"hidden\" name=\"_wpcf7_container_post\" value=\"0\" \/><input type=\"hidden\" name=\"_wpcf7_posted_data_hash\" value=\"\" \/>\n<\/fieldset>\n<div class=\"lha-form\">\n\t<div class=\"lha-form__two-inputs\">\n\t\t<div class=\"lha-form__two-inputs__input\">\n\t\t\t<p><span class=\"wpcf7-form-control-wrap\" data-name=\"tel-388\"><input size=\"40\" maxlength=\"400\" class=\"wpcf7-form-control wpcf7-tel wpcf7-validates-as-required wpcf7-text wpcf7-validates-as-tel\" aria-required=\"true\" aria-invalid=\"false\" placeholder=\"N\u00famero de identificaci\u00f3n\" value=\"\" type=\"tel\" name=\"tel-388\" \/><\/span>\n\t\t\t<\/p>\n\t\t<\/div>\n\t\t<div class=\"lha-form__two-inputs__input\">\n\t\t\t<p><span class=\"wpcf7-form-control-wrap\" data-name=\"text-548\"><input size=\"40\" maxlength=\"400\" class=\"wpcf7-form-control wpcf7-text wpcf7-validates-as-required\" aria-required=\"true\" aria-invalid=\"false\" placeholder=\"Nombre de usuario\" value=\"\" type=\"text\" name=\"text-548\" \/><\/span>\n\t\t\t<\/p>\n\t\t<\/div>\n\t\t<div class=\"lha-form__two-inputs__input\">\n\t\t\t<p><span class=\"wpcf7-form-control-wrap\" data-name=\"nombre\"><input size=\"40\" maxlength=\"400\" class=\"wpcf7-form-control wpcf7-text wpcf7-validates-as-required\" aria-required=\"true\" aria-invalid=\"false\" placeholder=\"Nombre\" value=\"\" type=\"text\" name=\"nombre\" \/><\/span>\n\t\t\t<\/p>\n\t\t<\/div>\n\t\t<div class=\"lha-form__two-inputs__input\">\n\t\t\t<p><span class=\"wpcf7-form-control-wrap\" data-name=\"apellido\"><input size=\"40\" maxlength=\"400\" class=\"wpcf7-form-control wpcf7-text wpcf7-validates-as-required\" aria-required=\"true\" aria-invalid=\"false\" placeholder=\"Apellido\" value=\"\" type=\"text\" name=\"apellido\" \/><\/span>\n\t\t\t<\/p>\n\t\t<\/div>\n\t<\/div>\n\t<div class=\"lha-form__two-inputs\">\n\t\t<div class=\"lha-form__two-inputs__input\">\n\t\t\t<p><span class=\"wpcf7-form-control-wrap\" data-name=\"email-314\"><input size=\"40\" maxlength=\"400\" class=\"wpcf7-form-control wpcf7-email wpcf7-validates-as-required wpcf7-text wpcf7-validates-as-email\" aria-required=\"true\" aria-invalid=\"false\" placeholder=\"Email\" value=\"\" type=\"email\" name=\"email-314\" \/><\/span>\n\t\t\t<\/p>\n\t\t<\/div>\n\t\t<div class=\"lha-form__two-inputs__input\">\n\t\t\t<p><span class=\"wpcf7-form-control-wrap\" data-name=\"password\"><input size=\"40\" maxlength=\"400\" class=\"wpcf7-form-control wpcf7-text\" aria-invalid=\"false\" placeholder=\"Contrase\u00f1a\" value=\"\" type=\"text\" name=\"password\" \/><\/span>\n\t\t\t<\/p>\n\t\t<\/div>\n\t\t<div class=\"lha-form__two-inputs__input\">\n\t\t\t<p><span class=\"wpcf7-form-control-wrap\" data-name=\"celular\"><input size=\"40\" maxlength=\"400\" class=\"wpcf7-form-control wpcf7-text wpcf7-validates-as-required\" aria-required=\"true\" aria-invalid=\"false\" placeholder=\"C\u00e9lular\" value=\"\" type=\"text\" name=\"celular\" \/><\/span>\n\t\t\t<\/p>\n\t\t<\/div>\n\t<\/div>\n\t<div class=\"lha-form__two-inputs\">\n\t\t<div class=\"lha-form__two-inputs__input\">\n\t\t\t<p><span class=\"wpcf7-form-control-wrap\" data-name=\"text-217\"><input size=\"40\" maxlength=\"400\" class=\"wpcf7-form-control wpcf7-text wpcf7-validates-as-required\" aria-required=\"true\" aria-invalid=\"false\" placeholder=\"Pa\u00eds\" value=\"\" type=\"text\" name=\"text-217\" \/><\/span>\n\t\t\t<\/p>\n\t\t<\/div>\n\t\t<div class=\"lha-form__two-inputs__input\">\n\t\t\t<p><span class=\"wpcf7-form-control-wrap\" data-name=\"departamento\"><input size=\"40\" maxlength=\"400\" class=\"wpcf7-form-control wpcf7-text wpcf7-validates-as-required\" aria-required=\"true\" aria-invalid=\"false\" placeholder=\"Departamento\" value=\"\" type=\"text\" name=\"departamento\" \/><\/span>\n\t\t\t<\/p>\n\t\t<\/div>\n\t\t<div class=\"lha-form__two-inputs__input\">\n\t\t\t<p><span class=\"wpcf7-form-control-wrap\" data-name=\"ciudad\"><input size=\"40\" maxlength=\"400\" class=\"wpcf7-form-control wpcf7-text wpcf7-validates-as-required\" aria-required=\"true\" aria-invalid=\"false\" placeholder=\"Ciudad\" value=\"\" type=\"text\" name=\"ciudad\" \/><\/span>\n\t\t\t<\/p>\n\t\t<\/div>\n\t\t<div class=\"lha-form__two-inputs__input\">\n\t\t\t<p><span class=\"wpcf7-form-control-wrap\" data-name=\"direccion\"><input size=\"40\" maxlength=\"400\" class=\"wpcf7-form-control wpcf7-text wpcf7-validates-as-required\" aria-required=\"true\" aria-invalid=\"false\" placeholder=\"Direcci\u00f3n\/ #casa - apto\" value=\"\" type=\"text\" name=\"direccion\" \/><\/span>\n\t\t\t<\/p>\n\t\t<\/div>\n\t<\/div>\n\t<div class=\"lha-form__one-input\">\n\t\t<p><label> Sube el archivo de tu tarjeta profesional<br \/>\n<span class=\"wpcf7-form-control-wrap\" data-name=\"file-61\"><input size=\"40\" class=\"wpcf7-form-control wpcf7-file wpcf7-validates-as-required\" accept=\"audio\/*,video\/*,image\/*\" aria-required=\"true\" aria-invalid=\"false\" type=\"file\" name=\"file-61\" \/><\/span><\/label>\n\t\t<\/p>\n\t<\/div>\n\t<div class=\"lha-form__one-input\">\n\t\t<p><label> Sube el archivo de tu documento de identidad<br \/>\n<span class=\"wpcf7-form-control-wrap\" data-name=\"file-188\"><input size=\"40\" class=\"wpcf7-form-control wpcf7-file wpcf7-validates-as-required\" accept=\"audio\/*,video\/*,image\/*\" aria-required=\"true\" aria-invalid=\"false\" type=\"file\" name=\"file-188\" \/><\/span><\/label>\n\t\t<\/p>\n\t<\/div>\n\t<div class=\"lha-form__submit\">\n\t\t<p><input class=\"wpcf7-form-control wpcf7-submit has-spinner\" type=\"submit\" value=\"Enviar\" \/>\n\t\t<\/p>\n\t<\/div>\n<\/div><input type='hidden' class='wpcf7-pum' value='{\"closepopup\":false,\"closedelay\":0,\"openpopup\":false,\"openpopup_id\":0}' \/><div class=\"wpcf7-response-output\" aria-hidden=\"true\"><\/div>\n<\/form>\n<\/div>\n<\/p>\t\t\t\t\t\t\t\t<\/div>\n\t\t\t\t<\/div>\n\t\t\t\t\t<\/div>\n\t\t<\/div>\n\t\t\t\t\t<\/div>\n\t\t<\/section>\n\t\t\t\t<\/div>\n\t\t<div style='text-align:left' class='yasr-auto-insert-visitor'><\/div>","protected":false},"excerpt":{"rendered":"<p>Reg\u00edstrate si eres profesional de la salud. Te en cuenta que la informaci\u00f3n diligenciada, ser\u00e1 validada en&#8230;<\/p>\n","protected":false},"author":1,"featured_media":0,"parent":0,"menu_order":0,"comment_status":"closed","ping_status":"closed","template":"","meta":{"yasr_overall_rating":0,"yasr_post_is_review":"","yasr_auto_insert_disabled":"","yasr_review_type":"","footnotes":""},"class_list":["post-3692","page","type-page","status-publish","hentry"],"yasr_visitor_votes":{"stars_attributes":{"read_only":false,"span_bottom":false},"number_of_votes":0,"sum_votes":0},"yoast_head":"<!-- This site is optimized with the Yoast SEO plugin v26.1.1 - https:\/\/yoast.com\/wordpress\/plugins\/seo\/ -->\n<title>Registrar - Farmacia veterinaria LHA<\/title>\n<meta name=\"description\" content=\"Registrar tus datos para nosotros guardarte en nuestra bese de datos, as\u00ed te tendremos en cuenta para futuras promociones, cupones etc\" \/>\n<meta name=\"robots\" content=\"index, follow, max-snippet:-1, max-image-preview:large, max-video-preview:-1\" \/>\n<link rel=\"canonical\" href=\"https:\/\/farmacialha.com\/veterinaria\/registrar\/\" \/>\n<meta property=\"og:locale\" content=\"es_ES\" \/>\n<meta property=\"og:type\" content=\"article\" \/>\n<meta property=\"og:title\" content=\"Registrar - Farmacia veterinaria LHA\" \/>\n<meta property=\"og:description\" content=\"Registrar tus datos para nosotros guardarte en nuestra bese de datos, as\u00ed te tendremos en cuenta para futuras promociones, cupones etc\" \/>\n<meta property=\"og:url\" content=\"https:\/\/farmacialha.com\/veterinaria\/registrar\/\" \/>\n<meta property=\"og:site_name\" content=\"Farmacia veterinaria LHA\" \/>\n<meta property=\"article:publisher\" content=\"https:\/\/www.facebook.com\/LHACol\" \/>\n<meta property=\"article:modified_time\" content=\"2025-05-13T13:25:15+00:00\" \/>\n<meta name=\"twitter:card\" content=\"summary_large_image\" \/>\n<meta name=\"twitter:label1\" content=\"Tiempo de lectura\" \/>\n\t<meta name=\"twitter:data1\" content=\"1 minuto\" \/>\n<script type=\"application\/ld+json\" class=\"yoast-schema-graph\">{\"@context\":\"https:\/\/schema.org\",\"@graph\":[{\"@type\":\"WebPage\",\"@id\":\"https:\/\/farmacialha.com\/veterinaria\/registrar\/\",\"url\":\"https:\/\/farmacialha.com\/veterinaria\/registrar\/\",\"name\":\"Registrar - Farmacia veterinaria LHA\",\"isPartOf\":{\"@id\":\"https:\/\/farmacialha.com\/veterinaria\/#website\"},\"datePublished\":\"2023-04-03T17:25:07+00:00\",\"dateModified\":\"2025-05-13T13:25:15+00:00\",\"description\":\"Registrar tus datos para nosotros guardarte en nuestra bese de datos, as\u00ed te tendremos en cuenta para futuras promociones, cupones etc\",\"breadcrumb\":{\"@id\":\"https:\/\/farmacialha.com\/veterinaria\/registrar\/#breadcrumb\"},\"inLanguage\":\"es\",\"potentialAction\":[{\"@type\":\"ReadAction\",\"target\":[\"https:\/\/farmacialha.com\/veterinaria\/registrar\/\"]}]},{\"@type\":\"BreadcrumbList\",\"@id\":\"https:\/\/farmacialha.com\/veterinaria\/registrar\/#breadcrumb\",\"itemListElement\":[{\"@type\":\"ListItem\",\"position\":1,\"name\":\"Portada\",\"item\":\"https:\/\/farmacialha.com\/veterinaria\/\"},{\"@type\":\"ListItem\",\"position\":2,\"name\":\"Registrar\"}]},{\"@type\":\"WebSite\",\"@id\":\"https:\/\/farmacialha.com\/veterinaria\/#website\",\"url\":\"https:\/\/farmacialha.com\/veterinaria\/\",\"name\":\"Farmacia veterinaria LHA\",\"description\":\"Farmacia veterinaria LHA\",\"publisher\":{\"@id\":\"https:\/\/farmacialha.com\/veterinaria\/#organization\"},\"potentialAction\":[{\"@type\":\"SearchAction\",\"target\":{\"@type\":\"EntryPoint\",\"urlTemplate\":\"https:\/\/farmacialha.com\/veterinaria\/?s={search_term_string}\"},\"query-input\":{\"@type\":\"PropertyValueSpecification\",\"valueRequired\":true,\"valueName\":\"search_term_string\"}}],\"inLanguage\":\"es\"},{\"@type\":\"Organization\",\"@id\":\"https:\/\/farmacialha.com\/veterinaria\/#organization\",\"name\":\"Farmacia veterinaria LHA\",\"url\":\"https:\/\/farmacialha.com\/veterinaria\/\",\"logo\":{\"@type\":\"ImageObject\",\"inLanguage\":\"es\",\"@id\":\"https:\/\/farmacialha.com\/veterinaria\/#\/schema\/logo\/image\/\",\"url\":\"https:\/\/farmacialha.com\/veterinaria\/wp-content\/uploads\/2023\/05\/favicon-lha-farmacia-7.png\",\"contentUrl\":\"https:\/\/farmacialha.com\/veterinaria\/wp-content\/uploads\/2023\/05\/favicon-lha-farmacia-7.png\",\"width\":512,\"height\":512,\"caption\":\"Farmacia veterinaria LHA\"},\"image\":{\"@id\":\"https:\/\/farmacialha.com\/veterinaria\/#\/schema\/logo\/image\/\"},\"sameAs\":[\"https:\/\/www.facebook.com\/LHACol\",\"https:\/\/www.instagram.com\/farmacialha\/\"]},false]}<\/script>\n<!-- \/ Yoast SEO plugin. -->","yoast_head_json":{"title":"Registrar - Farmacia veterinaria LHA","description":"Registrar tus datos para nosotros guardarte en nuestra bese de datos, as\u00ed te tendremos en cuenta para futuras promociones, cupones etc","robots":{"index":"index","follow":"follow","max-snippet":"max-snippet:-1","max-image-preview":"max-image-preview:large","max-video-preview":"max-video-preview:-1"},"canonical":"https:\/\/farmacialha.com\/veterinaria\/registrar\/","og_locale":"es_ES","og_type":"article","og_title":"Registrar - Farmacia veterinaria LHA","og_description":"Registrar tus datos para nosotros guardarte en nuestra bese de datos, as\u00ed te tendremos en cuenta para futuras promociones, cupones etc","og_url":"https:\/\/farmacialha.com\/veterinaria\/registrar\/","og_site_name":"Farmacia veterinaria LHA","article_publisher":"https:\/\/www.facebook.com\/LHACol","article_modified_time":"2025-05-13T13:25:15+00:00","twitter_card":"summary_large_image","twitter_misc":{"Tiempo de lectura":"1 minuto"},"schema":{"@context":"https:\/\/schema.org","@graph":[{"@type":"WebPage","@id":"https:\/\/farmacialha.com\/veterinaria\/registrar\/","url":"https:\/\/farmacialha.com\/veterinaria\/registrar\/","name":"Registrar - Farmacia veterinaria LHA","isPartOf":{"@id":"https:\/\/farmacialha.com\/veterinaria\/#website"},"datePublished":"2023-04-03T17:25:07+00:00","dateModified":"2025-05-13T13:25:15+00:00","description":"Registrar tus datos para nosotros guardarte en nuestra bese de datos, as\u00ed te tendremos en cuenta para futuras promociones, cupones etc","breadcrumb":{"@id":"https:\/\/farmacialha.com\/veterinaria\/registrar\/#breadcrumb"},"inLanguage":"es","potentialAction":[{"@type":"ReadAction","target":["https:\/\/farmacialha.com\/veterinaria\/registrar\/"]}]},{"@type":"BreadcrumbList","@id":"https:\/\/farmacialha.com\/veterinaria\/registrar\/#breadcrumb","itemListElement":[{"@type":"ListItem","position":1,"name":"Portada","item":"https:\/\/farmacialha.com\/veterinaria\/"},{"@type":"ListItem","position":2,"name":"Registrar"}]},{"@type":"WebSite","@id":"https:\/\/farmacialha.com\/veterinaria\/#website","url":"https:\/\/farmacialha.com\/veterinaria\/","name":"Farmacia veterinaria LHA","description":"Farmacia veterinaria LHA","publisher":{"@id":"https:\/\/farmacialha.com\/veterinaria\/#organization"},"potentialAction":[{"@type":"SearchAction","target":{"@type":"EntryPoint","urlTemplate":"https:\/\/farmacialha.com\/veterinaria\/?s={search_term_string}"},"query-input":{"@type":"PropertyValueSpecification","valueRequired":true,"valueName":"search_term_string"}}],"inLanguage":"es"},{"@type":"Organization","@id":"https:\/\/farmacialha.com\/veterinaria\/#organization","name":"Farmacia veterinaria LHA","url":"https:\/\/farmacialha.com\/veterinaria\/","logo":{"@type":"ImageObject","inLanguage":"es","@id":"https:\/\/farmacialha.com\/veterinaria\/#\/schema\/logo\/image\/","url":"https:\/\/farmacialha.com\/veterinaria\/wp-content\/uploads\/2023\/05\/favicon-lha-farmacia-7.png","contentUrl":"https:\/\/farmacialha.com\/veterinaria\/wp-content\/uploads\/2023\/05\/favicon-lha-farmacia-7.png","width":512,"height":512,"caption":"Farmacia veterinaria LHA"},"image":{"@id":"https:\/\/farmacialha.com\/veterinaria\/#\/schema\/logo\/image\/"},"sameAs":["https:\/\/www.facebook.com\/LHACol","https:\/\/www.instagram.com\/farmacialha\/"]},false]}},"_links":{"self":[{"href":"https:\/\/farmacialha.com\/veterinaria\/wp-json\/wp\/v2\/pages\/3692","targetHints":{"allow":["GET"]}}],"collection":[{"href":"https:\/\/farmacialha.com\/veterinaria\/wp-json\/wp\/v2\/pages"}],"about":[{"href":"https:\/\/farmacialha.com\/veterinaria\/wp-json\/wp\/v2\/types\/page"}],"author":[{"embeddable":true,"href":"https:\/\/farmacialha.com\/veterinaria\/wp-json\/wp\/v2\/users\/1"}],"replies":[{"embeddable":true,"href":"https:\/\/farmacialha.com\/veterinaria\/wp-json\/wp\/v2\/comments?post=3692"}],"version-history":[{"count":128,"href":"https:\/\/farmacialha.com\/veterinaria\/wp-json\/wp\/v2\/pages\/3692\/revisions"}],"predecessor-version":[{"id":6202,"href":"https:\/\/farmacialha.com\/veterinaria\/wp-json\/wp\/v2\/pages\/3692\/revisions\/6202"}],"wp:attachment":[{"href":"https:\/\/farmacialha.com\/veterinaria\/wp-json\/wp\/v2\/media?parent=3692"}],"curies":[{"name":"wp","href":"https:\/\/api.w.org\/{rel}","templated":true}]}}