{"id":7009,"date":"2024-09-17T15:47:52","date_gmt":"2024-09-17T20:47:52","guid":{"rendered":"https:\/\/farmacialha.com\/humana\/?page_id=7009"},"modified":"2025-07-25T12:33:45","modified_gmt":"2025-07-25T17:33:45","slug":"terminos-y-condiciones-de-envios","status":"publish","type":"page","link":"https:\/\/farmacialha.com\/humana\/terminos-y-condiciones-de-envios\/","title":{"rendered":"T\u00e9rminos y condiciones de env\u00edos"},"content":{"rendered":"\t\t<div data-elementor-type=\"wp-page\" data-elementor-id=\"7009\" class=\"elementor elementor-7009\" data-elementor-post-type=\"page\">\n\t\t\t\t\t\t<section class=\"elementor-section elementor-top-section elementor-element elementor-element-1ce04d7 elementor-section-boxed elementor-section-height-default elementor-section-height-default\" data-id=\"1ce04d7\" data-element_type=\"section\" data-settings=\"{&quot;background_background&quot;:&quot;classic&quot;}\">\n\t\t\t\t\t\t<div class=\"elementor-container elementor-column-gap-default\">\n\t\t\t\t\t<div class=\"elementor-column elementor-col-100 elementor-top-column elementor-element elementor-element-2df70a31\" data-id=\"2df70a31\" data-element_type=\"column\">\n\t\t\t<div class=\"elementor-widget-wrap elementor-element-populated\">\n\t\t\t\t\t\t<div class=\"elementor-element elementor-element-614a0270 elementor-widget elementor-widget-text-editor\" data-id=\"614a0270\" data-element_type=\"widget\" data-widget_type=\"text-editor.default\">\n\t\t\t\t<div class=\"elementor-widget-container\">\n\t\t\t\t\t\t\t\t\t<section class=\"elementor-section elementor-top-section elementor-element elementor-element-1ce04d7 elementor-section-boxed elementor-section-height-default elementor-section-height-default\" data-id=\"1ce04d7\" data-element_type=\"section\" data-settings=\"{&quot;background_background&quot;:&quot;classic&quot;}\"><div class=\"elementor-container elementor-column-gap-default\"><div class=\"elementor-column elementor-col-100 elementor-top-column elementor-element elementor-element-2df70a31\" data-id=\"2df70a31\" data-element_type=\"column\"><div class=\"elementor-widget-wrap elementor-element-populated\"><div class=\"elementor-element elementor-element-614a0270 elementor-widget elementor-widget-text-editor\" data-id=\"614a0270\" data-element_type=\"widget\" data-widget_type=\"text-editor.default\"><div class=\"elementor-widget-container\"><h4 class=\"p1\"><span class=\"s1\"><b>T\u00e9rminos Y Condiciones Farmacia LHA<\/b><\/span><\/h4><p class=\"p1\"><span class=\"s2\">En cumplimiento con la Resoluci\u00f3n 1403 de 2007, en el proceso de Dispensaci\u00f3n se verifica que el Medicamento es de venta bajo f\u00f3rmula m\u00e9dica, documento que el comprador que contrata de buena fe declara tener pues ha consultado previamente con un profesional de la salud que lo expidi\u00f3.\u00a0<\/span><\/p><p class=\"p1\"><span class=\"s2\">Farmacia LHA, no es responsable por efectos adversos o consecuencias inesperadas con ocasi\u00f3n del uso del Medicamento por parte del consumidor \/ comprador \/ usuario.<\/span><\/p><p class=\"p1\"><span class=\"s2\">As\u00ed mismo, el consumidor se obliga a verificar la informaci\u00f3n del producto (incluso los prospectos del empaque) con respecto a dosificaci\u00f3n, precauciones, advertencias, interacciones y contraindicaciones antes de administrar o usar el medicamento.<\/span><\/p><p class=\"p1\"><span class=\"s2\">Farmacia Lha es una simple distribuidora de los Medicamentos y asume que el consumidor ha contratado de buena fe con Farmacia Lha, que tiene la f\u00f3rmula m\u00e9dica correspondiente y ha consultado previamente a un profesional en la materia para el uso o consumo de dicho Medicamento. En consonancia, Farmacia Lha, no se hace responsable del mal uso o uso indebido de la informaci\u00f3n o contenido, ni ninguna consecuencia que de ello se desprenda.\u00a0<\/span><\/p><h4 class=\"p1\"><span class=\"s1\"><b>Cobertura y horarios para Bogot\u00e1<\/b><\/span><\/h4><p class=\"p1\"><span class=\"s2\">Para la ciudad de Bogot\u00e1 la entrega de medicamentos ser\u00e1 de\u00a0<\/span><span class=\"s1\"><b>24 horas<\/b><\/span><span class=\"s2\"> a <strong>48 horas<\/strong>\u00a0y para el resto de los municipios aleda\u00f1os, Bojac\u00e1, Cajic\u00e1, Ch\u00eda, Choach\u00ed, Cogua, Cota, El Rosal, Facatativ\u00e1, Funza, Gachancip\u00e1, La Calera, Madrid, Mosquera, Nemoc\u00f3n, Sibat\u00e9, Soacha, Sop\u00f3, Subachoque, Tabio, Tenjo, Tocancip\u00e1, Zipac\u00f3n y Zipaquir\u00e1, ser\u00e1 de <\/span><span class=\"s1\"><b>48 a 72 horas<\/b><\/span><span class=\"s2\">\u00a0por transporte de Inter Rapidisimo y Envia.\u00a0<\/span><\/p><p class=\"p1\"><span class=\"s2\">La franja de horarios de entrega de domicilios ser\u00e1 de\u00a0<\/span><span class=\"s1\"><b>8:00 am a 5:00 pm.\u00a0<\/b><\/span><\/p><p class=\"p1\"><span class=\"s2\">Los pedidos realizados los fines de semana y festivos, se entregar\u00e1n al siguiente d\u00eda h\u00e1bil.<\/span><\/p><h4><strong>Cobertura de municipios aleda\u00f1os de Bogot\u00e1.\u00a0<\/strong><\/h4><p>Bojac\u00e1, Cajic\u00e1, Ch\u00eda, Choach\u00ed, Cogua, Cota, El Rosal, Facatativ\u00e1, Funza, Gachancip\u00e1, La Calera, Madrid, Mosquera, Nemoc\u00f3n, Sibat\u00e9, Soacha, Sop\u00f3, Subachoque, Tabio, Tenjo, Tocancip\u00e1, Zipac\u00f3n y Zipaquir\u00e1.<\/p><p>Tener en cuenta que los servicios pueden variar seg\u00fan el alcance log\u00edstico parcial o temporal, por razones de movilidad, caso fortuito, fuerza mayor, medidas de movilidad adoptadas por el distrito, tales como, disturbios, paro, guerra, etc.<\/p><p>Se deber\u00e1 verificar la zona de cobertura y la viabilidad antes de solicitar el domicilio mediante el acceso a la p\u00e1gina web.<\/p><h4><strong>Costos de env\u00edo:\u00a0<\/strong><\/h4><p>El costo del env\u00edo ser\u00e1\u00a0<strong>GRATIS<\/strong>\u00a0por compras mayores de\u00a0<strong>$100.000<\/strong>\u00a0y por compras menores a la ciudad de Bogot\u00e1 tendr\u00e1 un costo de\u00a0<strong>$5.000<\/strong>\u00a0y para municipios aleda\u00f1os tendr\u00e1 un costo de\u00a0<strong>$10.000<\/strong>\u00a0por transportadoras Inter Rapidisimo y Envia.<\/p><h4><strong>Disponibilidad de productos:\u00a0<\/strong><\/h4><p>Tener en cuenta la disponibilidad del medicamento en la p\u00e1gina de Farmacialha antes de realizar el pago.<\/p><h4><strong>M\u00e9todos de pago:\u00a0<\/strong><\/h4><p>Aceptamos tarjetas de cr\u00e9dito y d\u00e9bito. No aplican pagos con tarjetas Sodexo, pagos mediante bonos, talonarios o tarjetas con otros medios de pago con los cuales\u00a0<strong>FARMACIA LHA<\/strong>\u00a0no haya celebrado alg\u00fan convenio o acuerdo, seg\u00fan se vean disponibles en la Plataforma.<\/p><h4><strong>Devoluci\u00f3n de dinero:<\/strong><\/h4><p>Farmacia LHA utiliza como m\u00e9todo de pago la plataforma Mercado Pago. Para conocer tiempos de devoluci\u00f3n de dinero y t\u00e9rminos y condiciones <a href=\"https:\/\/www.mercadopago.com.co\/ayuda\/terminos-condiciones_299\">haz clic aqu\u00ed <\/a><\/p><h4><strong>Pol\u00edtica de Cancelaci\u00f3n y Devoluci\u00f3n:\u00a0<\/strong><\/h4><p>Por razones de seguridad y salud, no se aceptar\u00e1n devoluciones de medicamentos.<\/p><h4><strong>Requisitos para la entrega:\u00a0<\/strong><\/h4><p>Se deber\u00e1 proporcionar el documento de identidad, nombre y apellido, direcci\u00f3n de entrega, n\u00famero de celular, correo electr\u00f3nico y f\u00f3rmula m\u00e9dica obligatoria, para garantizar una entrega exitosa y la generaci\u00f3n de la factura electr\u00f3nica.<\/p><h4><strong>Reclamos y garant\u00edas:\u00a0<\/strong><\/h4><p>En caso de cualquier inconveniente, comunicarse al tel\u00e9fono\u00a0<strong>(300) 2085857<\/strong>\u00a0dentro de las 24 horas posteriores a la recepci\u00f3n del producto.<\/p><p>Es importante revisar el medicamento al momento de la entrega, para verificar e estado del producto y su empaque.<\/p><p>FARMACIA LHA responder\u00e1 y ofrecer\u00e1 una garant\u00eda seg\u00fan los t\u00e9rminos de la ley 1480 de 2011.<\/p><h4><strong>Cancelaci\u00f3n de pedidos por parte de farmacialha\u00a0<\/strong><\/h4><p>Utilizar a la Farmacialha como intermediario entre los pacientes y doctores.<\/p><p>Ser\u00e1 responsabilidad del comprador diligenciar el formulario correctamente, o de lo contrario, no se lograr\u00e1 un domicilio exitoso.<\/p><p>Cuando se considere que existe una potencialidad de fraude o alguna actividad sospechosa en el m\u00e9todo de pago utilizado.<\/p><p><strong>FARMACIA LHA<\/strong>, puede modificar o interrumpir el servicio que presta en su plataforma, como tambi\u00e9n su acceso o el soporte, por cualquier raz\u00f3n, con o sin previo aviso y sin ninguna responsabilidad frente a los usuarios o cualquier tercero, salvo que est\u00e9 en curso una transacci\u00f3n, entrega o pago efectuado por este canal.<\/p><h4><strong>Interpretaci\u00f3n acorde a los t\u00e9rminos de ley:<\/strong><\/h4><p>Los presentes t\u00e9rminos y condiciones est\u00e1n de acuerdo con las leyes de Colombia, y se entiende y acepta, que hacen parte de ellos, cualquier disposici\u00f3n en materia de protecci\u00f3n al consumidor o regulatoria.<\/p><h4><strong>\u00a0<\/strong><strong>Ley aplicable y divisibilidad:<\/strong><\/h4><p>Los presentes t\u00e9rminos y condiciones estar\u00e1n vigentes hasta que\u00a0<strong>FARMACIA LHA<\/strong>\u00a0lo considere, y solo se encuentran supeditados a las leyes de la rep\u00fablica de Colombia. Los t\u00e9rminos y condiciones aqu\u00ed dispuestos se interpretar\u00e1n como un todo con las pol\u00edticas de habeas data, t\u00e9rminos de uso y la pol\u00edtica de privacidad que se informan en este mismo sitio.<\/p><h4><strong>Modificaciones:<\/strong><\/h4><p><strong>FARMACIA LHA<\/strong>\u00a0podr\u00e1 en cualquier momento modificar unilateralmente y sin aviso previo los presentes t\u00e9rminos y condiciones. Sin embargo, tales cambios s\u00f3lo se aplicar\u00e1n desde el momento en que sean publicados en la Plataforma y regir\u00e1n para las transacciones que se celebren con posterioridad a su entrada en vigor, sin alterar las transacciones celebradas con anterioridad.<\/p><h4><strong>Contacto:<\/strong><\/h4><p>Cualquier duda respecto al presente documento, as\u00ed como las peticiones, quejas y reclamos, se har\u00e1n por el canal dispuesto para\u00a0<strong>FARMACIA LHA<\/strong>\u00a0para tal fin, la cual corresponde al correo electr\u00f3nico:\u00a0<a href=\"mailto:farmacia@lha.com.co\">farmacia@lha.com.co<\/a>\u00a0o al\u00a0<strong>3002085857.<\/strong><\/p><p>Cancelaci\u00f3n de pedidos por parte de\u00a0<strong>farmacialha<\/strong><\/p><p>Utilizar a la\u00a0<strong>Farmacialha<\/strong>\u00a0como intermediario entre los pacientes y doctores.<\/p><p>Sera responsabilidad del comprador diligenciar el formulario correctamente o de lo contrario no se lograr\u00e1 un domicilio exitoso.<\/p><p>Cuando se considere que existe una potencialidad de fraude o alguna actividad sospechosa en el m\u00e9todo de pago utilizado.<\/p><p><strong>FARMACIA LHA<\/strong>, puede modificar o interrumpir el servicio que presta en su plataforma, como tambi\u00e9n su acceso o el soporte, por cualquier raz\u00f3n, con o sin previo aviso y sin ninguna responsabilidad frente a los usuarios o cualquier tercero, salvo que est\u00e9 en curso una transacci\u00f3n, entrega o pago efectuado por este canal.<\/p><h4><strong>Interpretaci\u00f3n acorde a los t\u00e9rminos de ley<\/strong><\/h4><p>Los presentes t\u00e9rminos y condiciones est\u00e1n de acuerdo con las leyes de Colombia, y se entiende y acepta, que hacen parte de ellos, cualquier disposici\u00f3n en materia de protecci\u00f3n al consumidor o regulatoria.<\/p><h4><strong>Ley aplicable y divisibilidad<\/strong><\/h4><p>Los presentes t\u00e9rminos y condiciones estar\u00e1n vigentes hasta que\u00a0<strong>FARMACIA LHA<\/strong>\u00a0lo considere, y solo se encuentran supeditados a las leyes de la rep\u00fablica de Colombia. Los t\u00e9rminos y condiciones aqu\u00ed dispuestos se interpretar\u00e1n como un todo con las pol\u00edticas de habeas data, t\u00e9rminos de uso y la pol\u00edtica de privacidad que se informan en este mismo sitio.<\/p><h4><strong>Modificaciones<\/strong><\/h4><p><strong>FARMACIA LHA<\/strong>\u00a0podr\u00e1 en cualquier momento modificar unilateralmente y sin aviso previo los presentes T\u00e9rminos y Condiciones. Sin embargo, tales cambios s\u00f3lo se aplicar\u00e1n desde el momento en que sean publicados en la Plataforma y regir\u00e1n para las transacciones que se celebren con posterioridad a su entrada en vigor, sin alterar las transacciones celebradas con anterioridad.<\/p><h4><strong>Contacto<\/strong><\/h4><p>Cualquier duda respecto al presente documento, as\u00ed como las peticiones, quejas y reclamos se har\u00e1n por el canal dispuesto para\u00a0<strong>FARMACIA LHA<\/strong>\u00a0para tal fin, la cual corresponde al correo electr\u00f3nico:\u00a0<a href=\"mailto:farmacia@lha.com.co\">farmacia@lha.com.co<\/a>\u00a0o al\u00a0<strong>3002085857.<\/strong><\/p><p>\u00a0<\/p><p><strong>\u00a0<\/strong><\/p><p><strong>\u00a0<\/strong><\/p><\/div><\/div><\/div><\/div><\/div><\/section><section class=\"elementor-section elementor-top-section elementor-element elementor-element-ab2bd21 elementor-section-boxed elementor-section-height-default elementor-section-height-default\" data-id=\"ab2bd21\" data-element_type=\"section\"><div class=\"elementor-container elementor-column-gap-default\"><div class=\"elementor-column elementor-col-100 elementor-top-column elementor-element elementor-element-1042415\" data-id=\"1042415\" data-element_type=\"column\"><div class=\"elementor-widget-wrap elementor-element-populated\"><div class=\"elementor-element elementor-element-14f006c elementor-widget elementor-widget-spacer\" data-id=\"14f006c\" data-element_type=\"widget\" data-widget_type=\"spacer.default\"><div class=\"elementor-widget-container\"><div class=\"elementor-spacer\">\u00a0<\/div><\/div><\/div><\/div><\/div><\/div><\/section>\t\t\t\t\t\t\t\t<\/div>\n\t\t\t\t<\/div>\n\t\t\t\t\t<\/div>\n\t\t<\/div>\n\t\t\t\t\t<\/div>\n\t\t<\/section>\n\t\t\t\t<section class=\"elementor-section elementor-top-section elementor-element elementor-element-ab2bd21 elementor-section-boxed elementor-section-height-default elementor-section-height-default\" data-id=\"ab2bd21\" data-element_type=\"section\">\n\t\t\t\t\t\t<div class=\"elementor-container elementor-column-gap-default\">\n\t\t\t\t\t<div class=\"elementor-column elementor-col-100 elementor-top-column elementor-element elementor-element-1042415\" data-id=\"1042415\" data-element_type=\"column\">\n\t\t\t<div class=\"elementor-widget-wrap elementor-element-populated\">\n\t\t\t\t\t\t<div class=\"elementor-element elementor-element-14f006c elementor-widget elementor-widget-spacer\" data-id=\"14f006c\" data-element_type=\"widget\" data-widget_type=\"spacer.default\">\n\t\t\t\t<div class=\"elementor-widget-container\">\n\t\t\t\t\t\t\t<div class=\"elementor-spacer\">\n\t\t\t<div class=\"elementor-spacer-inner\"><\/div>\n\t\t<\/div>\n\t\t\t\t\t\t<\/div>\n\t\t\t\t<\/div>\n\t\t\t\t\t<\/div>\n\t\t<\/div>\n\t\t\t\t\t<\/div>\n\t\t<\/section>\n\t\t\t\t<\/div>\n\t\t<div style='text-align:left' class='yasr-auto-insert-visitor'><\/div>","protected":false},"excerpt":{"rendered":"<p>T\u00e9rminos Y Condiciones Farmacia LHA En cumplimiento con la Resoluci\u00f3n 1403 de 2007, en el proceso de&#8230;<\/p>\n","protected":false},"author":3,"featured_media":0,"parent":0,"menu_order":0,"comment_status":"closed","ping_status":"closed","template":"","meta":{"yasr_overall_rating":0,"yasr_post_is_review":"","yasr_auto_insert_disabled":"","yasr_review_type":"","_glsr_average":0,"_glsr_ranking":0,"_glsr_reviews":0,"footnotes":""},"class_list":["post-7009","page","type-page","status-publish","hentry"],"yoast_head":"<!-- This site is optimized with the Yoast SEO plugin v26.1.1 - https:\/\/yoast.com\/wordpress\/plugins\/seo\/ -->\n<title>T\u00e9rminos y condiciones de env\u00edos - Farmacia LHA<\/title>\n<meta name=\"robots\" content=\"index, follow, max-snippet:-1, max-image-preview:large, max-video-preview:-1\" \/>\n<link rel=\"canonical\" href=\"https:\/\/farmacialha.com\/humana\/terminos-y-condiciones-de-envios\/\" \/>\n<meta property=\"og:locale\" content=\"es_ES\" \/>\n<meta property=\"og:type\" content=\"article\" \/>\n<meta property=\"og:title\" content=\"T\u00e9rminos y condiciones de env\u00edos - Farmacia LHA\" \/>\n<meta property=\"og:description\" content=\"T\u00e9rminos Y Condiciones Farmacia LHA En cumplimiento con la Resoluci\u00f3n 1403 de 2007, en el proceso de...\" \/>\n<meta property=\"og:url\" content=\"https:\/\/farmacialha.com\/humana\/terminos-y-condiciones-de-envios\/\" \/>\n<meta property=\"og:site_name\" content=\"Farmacia LHA\" \/>\n<meta property=\"article:modified_time\" content=\"2025-07-25T17:33:45+00:00\" \/>\n<meta property=\"og:image\" content=\"https:\/\/farmacialha.com\/humana\/wp-content\/uploads\/2024\/10\/favicon.png\" \/>\n\t<meta property=\"og:image:width\" content=\"512\" \/>\n\t<meta property=\"og:image:height\" content=\"512\" \/>\n\t<meta property=\"og:image:type\" content=\"image\/png\" \/>\n<meta name=\"twitter:card\" content=\"summary_large_image\" \/>\n<meta name=\"twitter:label1\" content=\"Tiempo de lectura\" \/>\n\t<meta name=\"twitter:data1\" content=\"12 minutos\" \/>\n<script type=\"application\/ld+json\" class=\"yoast-schema-graph\">{\"@context\":\"https:\/\/schema.org\",\"@graph\":[{\"@type\":\"WebPage\",\"@id\":\"https:\/\/farmacialha.com\/humana\/terminos-y-condiciones-de-envios\/\",\"url\":\"https:\/\/farmacialha.com\/humana\/terminos-y-condiciones-de-envios\/\",\"name\":\"T\u00e9rminos y condiciones de env\u00edos - Farmacia LHA\",\"isPartOf\":{\"@id\":\"https:\/\/farmacialha.com\/humana\/#website\"},\"datePublished\":\"2024-09-17T20:47:52+00:00\",\"dateModified\":\"2025-07-25T17:33:45+00:00\",\"breadcrumb\":{\"@id\":\"https:\/\/farmacialha.com\/humana\/terminos-y-condiciones-de-envios\/#breadcrumb\"},\"inLanguage\":\"es\",\"potentialAction\":[{\"@type\":\"ReadAction\",\"target\":[\"https:\/\/farmacialha.com\/humana\/terminos-y-condiciones-de-envios\/\"]}]},{\"@type\":\"BreadcrumbList\",\"@id\":\"https:\/\/farmacialha.com\/humana\/terminos-y-condiciones-de-envios\/#breadcrumb\",\"itemListElement\":[{\"@type\":\"ListItem\",\"position\":1,\"name\":\"Portada\",\"item\":\"https:\/\/farmacialha.com\/humana\/\"},{\"@type\":\"ListItem\",\"position\":2,\"name\":\"T\u00e9rminos y condiciones de env\u00edos\"}]},{\"@type\":\"WebSite\",\"@id\":\"https:\/\/farmacialha.com\/humana\/#website\",\"url\":\"https:\/\/farmacialha.com\/humana\/\",\"name\":\"Farmacia LHA\",\"description\":\"Farmacia LHA\",\"publisher\":{\"@id\":\"https:\/\/farmacialha.com\/humana\/#organization\"},\"potentialAction\":[{\"@type\":\"SearchAction\",\"target\":{\"@type\":\"EntryPoint\",\"urlTemplate\":\"https:\/\/farmacialha.com\/humana\/?s={search_term_string}\"},\"query-input\":{\"@type\":\"PropertyValueSpecification\",\"valueRequired\":true,\"valueName\":\"search_term_string\"}}],\"inLanguage\":\"es\"},{\"@type\":\"Organization\",\"@id\":\"https:\/\/farmacialha.com\/humana\/#organization\",\"name\":\"Farmacia LHA\",\"url\":\"https:\/\/farmacialha.com\/humana\/\",\"logo\":{\"@type\":\"ImageObject\",\"inLanguage\":\"es\",\"@id\":\"https:\/\/farmacialha.com\/humana\/#\/schema\/logo\/image\/\",\"url\":\"https:\/\/farmacialha.com\/humana\/wp-content\/uploads\/2024\/09\/TITULOLINEAHUMANA.png\",\"contentUrl\":\"https:\/\/farmacialha.com\/humana\/wp-content\/uploads\/2024\/09\/TITULOLINEAHUMANA.png\",\"width\":720,\"height\":750,\"caption\":\"Farmacia LHA\"},\"image\":{\"@id\":\"https:\/\/farmacialha.com\/humana\/#\/schema\/logo\/image\/\"},\"sameAs\":[\"https:\/\/www.instagram.com\/farmacialha\/\"]},false]}<\/script>\n<!-- \/ Yoast SEO plugin. -->","yoast_head_json":{"title":"T\u00e9rminos y condiciones de env\u00edos - Farmacia LHA","robots":{"index":"index","follow":"follow","max-snippet":"max-snippet:-1","max-image-preview":"max-image-preview:large","max-video-preview":"max-video-preview:-1"},"canonical":"https:\/\/farmacialha.com\/humana\/terminos-y-condiciones-de-envios\/","og_locale":"es_ES","og_type":"article","og_title":"T\u00e9rminos y condiciones de env\u00edos - Farmacia LHA","og_description":"T\u00e9rminos Y Condiciones Farmacia LHA En cumplimiento con la Resoluci\u00f3n 1403 de 2007, en el proceso de...","og_url":"https:\/\/farmacialha.com\/humana\/terminos-y-condiciones-de-envios\/","og_site_name":"Farmacia LHA","article_modified_time":"2025-07-25T17:33:45+00:00","og_image":[{"width":512,"height":512,"url":"https:\/\/farmacialha.com\/humana\/wp-content\/uploads\/2024\/10\/favicon.png","type":"image\/png"}],"twitter_card":"summary_large_image","twitter_misc":{"Tiempo de lectura":"12 minutos"},"schema":{"@context":"https:\/\/schema.org","@graph":[{"@type":"WebPage","@id":"https:\/\/farmacialha.com\/humana\/terminos-y-condiciones-de-envios\/","url":"https:\/\/farmacialha.com\/humana\/terminos-y-condiciones-de-envios\/","name":"T\u00e9rminos y condiciones de env\u00edos - Farmacia LHA","isPartOf":{"@id":"https:\/\/farmacialha.com\/humana\/#website"},"datePublished":"2024-09-17T20:47:52+00:00","dateModified":"2025-07-25T17:33:45+00:00","breadcrumb":{"@id":"https:\/\/farmacialha.com\/humana\/terminos-y-condiciones-de-envios\/#breadcrumb"},"inLanguage":"es","potentialAction":[{"@type":"ReadAction","target":["https:\/\/farmacialha.com\/humana\/terminos-y-condiciones-de-envios\/"]}]},{"@type":"BreadcrumbList","@id":"https:\/\/farmacialha.com\/humana\/terminos-y-condiciones-de-envios\/#breadcrumb","itemListElement":[{"@type":"ListItem","position":1,"name":"Portada","item":"https:\/\/farmacialha.com\/humana\/"},{"@type":"ListItem","position":2,"name":"T\u00e9rminos y condiciones de env\u00edos"}]},{"@type":"WebSite","@id":"https:\/\/farmacialha.com\/humana\/#website","url":"https:\/\/farmacialha.com\/humana\/","name":"Farmacia LHA","description":"Farmacia LHA","publisher":{"@id":"https:\/\/farmacialha.com\/humana\/#organization"},"potentialAction":[{"@type":"SearchAction","target":{"@type":"EntryPoint","urlTemplate":"https:\/\/farmacialha.com\/humana\/?s={search_term_string}"},"query-input":{"@type":"PropertyValueSpecification","valueRequired":true,"valueName":"search_term_string"}}],"inLanguage":"es"},{"@type":"Organization","@id":"https:\/\/farmacialha.com\/humana\/#organization","name":"Farmacia LHA","url":"https:\/\/farmacialha.com\/humana\/","logo":{"@type":"ImageObject","inLanguage":"es","@id":"https:\/\/farmacialha.com\/humana\/#\/schema\/logo\/image\/","url":"https:\/\/farmacialha.com\/humana\/wp-content\/uploads\/2024\/09\/TITULOLINEAHUMANA.png","contentUrl":"https:\/\/farmacialha.com\/humana\/wp-content\/uploads\/2024\/09\/TITULOLINEAHUMANA.png","width":720,"height":750,"caption":"Farmacia LHA"},"image":{"@id":"https:\/\/farmacialha.com\/humana\/#\/schema\/logo\/image\/"},"sameAs":["https:\/\/www.instagram.com\/farmacialha\/"]},false]}},"yasr_visitor_votes":{"stars_attributes":{"read_only":false,"span_bottom":false},"number_of_votes":0,"sum_votes":0},"_links":{"self":[{"href":"https:\/\/farmacialha.com\/humana\/wp-json\/wp\/v2\/pages\/7009","targetHints":{"allow":["GET"]}}],"collection":[{"href":"https:\/\/farmacialha.com\/humana\/wp-json\/wp\/v2\/pages"}],"about":[{"href":"https:\/\/farmacialha.com\/humana\/wp-json\/wp\/v2\/types\/page"}],"author":[{"embeddable":true,"href":"https:\/\/farmacialha.com\/humana\/wp-json\/wp\/v2\/users\/3"}],"replies":[{"embeddable":true,"href":"https:\/\/farmacialha.com\/humana\/wp-json\/wp\/v2\/comments?post=7009"}],"version-history":[{"count":28,"href":"https:\/\/farmacialha.com\/humana\/wp-json\/wp\/v2\/pages\/7009\/revisions"}],"predecessor-version":[{"id":11075,"href":"https:\/\/farmacialha.com\/humana\/wp-json\/wp\/v2\/pages\/7009\/revisions\/11075"}],"wp:attachment":[{"href":"https:\/\/farmacialha.com\/humana\/wp-json\/wp\/v2\/media?parent=7009"}],"curies":[{"name":"wp","href":"https:\/\/api.w.org\/{rel}","templated":true}]}}