{"id":12,"date":"2022-02-21T08:30:52","date_gmt":"2022-02-21T08:30:52","guid":{"rendered":"https:\/\/xstore.8theme.com\/elementor\/demos\/grocery-market\/cart\/"},"modified":"2024-11-22T09:25:32","modified_gmt":"2024-11-22T14:25:32","slug":"cart","status":"publish","type":"page","link":"https:\/\/farmacialha.com\/humana\/cart\/","title":{"rendered":"Cart"},"content":{"rendered":"\n<div style='text-align:left' class='yasr-auto-insert-visitor'><\/div>","protected":false},"excerpt":{"rendered":"","protected":false},"author":1,"featured_media":0,"parent":0,"menu_order":0,"comment_status":"closed","ping_status":"closed","template":"","meta":{"yasr_overall_rating":0,"yasr_post_is_review":"","yasr_auto_insert_disabled":"","yasr_review_type":"","footnotes":""},"class_list":["post-12","page","type-page","status-publish","hentry"],"yoast_head":"<!-- This site is optimized with the Yoast SEO plugin v26.1.1 - https:\/\/yoast.com\/wordpress\/plugins\/seo\/ -->\n<title>Cart - Farmacia LHA<\/title>\n<meta name=\"description\" content=\"Tu carrito est\u00e1 listo con todo lo que has seleccionado. No esperes m\u00e1s, completa tu compra y ll\u00e9vatelo a casa.\" \/>\n<meta name=\"robots\" content=\"index, follow, max-snippet:-1, max-image-preview:large, max-video-preview:-1\" \/>\n<link rel=\"canonical\" href=\"https:\/\/farmacialha.com\/humana\/cart\/\" \/>\n<meta property=\"og:locale\" content=\"es_ES\" \/>\n<meta property=\"og:type\" content=\"article\" \/>\n<meta property=\"og:title\" content=\"Cart - Farmacia LHA\" \/>\n<meta property=\"og:description\" content=\"Tu carrito est\u00e1 listo con todo lo que has seleccionado. No esperes m\u00e1s, completa tu compra y ll\u00e9vatelo a casa.\" \/>\n<meta property=\"og:url\" content=\"https:\/\/farmacialha.com\/humana\/cart\/\" \/>\n<meta property=\"og:site_name\" content=\"Farmacia LHA\" \/>\n<meta property=\"article:modified_time\" content=\"2024-11-22T14:25:32+00:00\" \/>\n<meta property=\"og:image\" content=\"https:\/\/farmacialha.com\/humana\/wp-content\/uploads\/2024\/10\/favicon.png\" \/>\n\t<meta property=\"og:image:width\" content=\"512\" \/>\n\t<meta property=\"og:image:height\" content=\"512\" \/>\n\t<meta property=\"og:image:type\" content=\"image\/png\" \/>\n<meta name=\"twitter:card\" content=\"summary_large_image\" \/>\n<meta name=\"twitter:label1\" content=\"Tiempo de lectura\" \/>\n\t<meta name=\"twitter:data1\" content=\"1 minuto\" \/>\n<script type=\"application\/ld+json\" class=\"yoast-schema-graph\">{\"@context\":\"https:\/\/schema.org\",\"@graph\":[{\"@type\":\"WebPage\",\"@id\":\"https:\/\/farmacialha.com\/humana\/cart\/\",\"url\":\"https:\/\/farmacialha.com\/humana\/cart\/\",\"name\":\"Cart - Farmacia LHA\",\"isPartOf\":{\"@id\":\"https:\/\/farmacialha.com\/humana\/#website\"},\"datePublished\":\"2022-02-21T08:30:52+00:00\",\"dateModified\":\"2024-11-22T14:25:32+00:00\",\"description\":\"Tu carrito est\u00e1 listo con todo lo que has seleccionado. No esperes m\u00e1s, completa tu compra y ll\u00e9vatelo a casa.\",\"breadcrumb\":{\"@id\":\"https:\/\/farmacialha.com\/humana\/cart\/#breadcrumb\"},\"inLanguage\":\"es\",\"potentialAction\":[{\"@type\":\"ReadAction\",\"target\":[\"https:\/\/farmacialha.com\/humana\/cart\/\"]}]},{\"@type\":\"BreadcrumbList\",\"@id\":\"https:\/\/farmacialha.com\/humana\/cart\/#breadcrumb\",\"itemListElement\":[{\"@type\":\"ListItem\",\"position\":1,\"name\":\"Portada\",\"item\":\"https:\/\/farmacialha.com\/humana\/\"},{\"@type\":\"ListItem\",\"position\":2,\"name\":\"Cart\"}]},{\"@type\":\"WebSite\",\"@id\":\"https:\/\/farmacialha.com\/humana\/#website\",\"url\":\"https:\/\/farmacialha.com\/humana\/\",\"name\":\"Farmacia LHA\",\"description\":\"Farmacia LHA\",\"publisher\":{\"@id\":\"https:\/\/farmacialha.com\/humana\/#organization\"},\"potentialAction\":[{\"@type\":\"SearchAction\",\"target\":{\"@type\":\"EntryPoint\",\"urlTemplate\":\"https:\/\/farmacialha.com\/humana\/?s={search_term_string}\"},\"query-input\":{\"@type\":\"PropertyValueSpecification\",\"valueRequired\":true,\"valueName\":\"search_term_string\"}}],\"inLanguage\":\"es\"},{\"@type\":\"Organization\",\"@id\":\"https:\/\/farmacialha.com\/humana\/#organization\",\"name\":\"Farmacia LHA\",\"url\":\"https:\/\/farmacialha.com\/humana\/\",\"logo\":{\"@type\":\"ImageObject\",\"inLanguage\":\"es\",\"@id\":\"https:\/\/farmacialha.com\/humana\/#\/schema\/logo\/image\/\",\"url\":\"https:\/\/farmacialha.com\/humana\/wp-content\/uploads\/2024\/09\/TITULOLINEAHUMANA.png\",\"contentUrl\":\"https:\/\/farmacialha.com\/humana\/wp-content\/uploads\/2024\/09\/TITULOLINEAHUMANA.png\",\"width\":720,\"height\":750,\"caption\":\"Farmacia LHA\"},\"image\":{\"@id\":\"https:\/\/farmacialha.com\/humana\/#\/schema\/logo\/image\/\"},\"sameAs\":[\"https:\/\/www.instagram.com\/farmacialha\/\"]},false]}<\/script>\n<!-- \/ Yoast SEO plugin. -->","yoast_head_json":{"title":"Cart - Farmacia LHA","description":"Tu carrito est\u00e1 listo con todo lo que has seleccionado. No esperes m\u00e1s, completa tu compra y ll\u00e9vatelo a casa.","robots":{"index":"index","follow":"follow","max-snippet":"max-snippet:-1","max-image-preview":"max-image-preview:large","max-video-preview":"max-video-preview:-1"},"canonical":"https:\/\/farmacialha.com\/humana\/cart\/","og_locale":"es_ES","og_type":"article","og_title":"Cart - Farmacia LHA","og_description":"Tu carrito est\u00e1 listo con todo lo que has seleccionado. No esperes m\u00e1s, completa tu compra y ll\u00e9vatelo a casa.","og_url":"https:\/\/farmacialha.com\/humana\/cart\/","og_site_name":"Farmacia LHA","article_modified_time":"2024-11-22T14:25:32+00:00","og_image":[{"width":512,"height":512,"url":"https:\/\/farmacialha.com\/humana\/wp-content\/uploads\/2024\/10\/favicon.png","type":"image\/png"}],"twitter_card":"summary_large_image","twitter_misc":{"Tiempo de lectura":"1 minuto"},"schema":{"@context":"https:\/\/schema.org","@graph":[{"@type":"WebPage","@id":"https:\/\/farmacialha.com\/humana\/cart\/","url":"https:\/\/farmacialha.com\/humana\/cart\/","name":"Cart - Farmacia LHA","isPartOf":{"@id":"https:\/\/farmacialha.com\/humana\/#website"},"datePublished":"2022-02-21T08:30:52+00:00","dateModified":"2024-11-22T14:25:32+00:00","description":"Tu carrito est\u00e1 listo con todo lo que has seleccionado. No esperes m\u00e1s, completa tu compra y ll\u00e9vatelo a casa.","breadcrumb":{"@id":"https:\/\/farmacialha.com\/humana\/cart\/#breadcrumb"},"inLanguage":"es","potentialAction":[{"@type":"ReadAction","target":["https:\/\/farmacialha.com\/humana\/cart\/"]}]},{"@type":"BreadcrumbList","@id":"https:\/\/farmacialha.com\/humana\/cart\/#breadcrumb","itemListElement":[{"@type":"ListItem","position":1,"name":"Portada","item":"https:\/\/farmacialha.com\/humana\/"},{"@type":"ListItem","position":2,"name":"Cart"}]},{"@type":"WebSite","@id":"https:\/\/farmacialha.com\/humana\/#website","url":"https:\/\/farmacialha.com\/humana\/","name":"Farmacia LHA","description":"Farmacia LHA","publisher":{"@id":"https:\/\/farmacialha.com\/humana\/#organization"},"potentialAction":[{"@type":"SearchAction","target":{"@type":"EntryPoint","urlTemplate":"https:\/\/farmacialha.com\/humana\/?s={search_term_string}"},"query-input":{"@type":"PropertyValueSpecification","valueRequired":true,"valueName":"search_term_string"}}],"inLanguage":"es"},{"@type":"Organization","@id":"https:\/\/farmacialha.com\/humana\/#organization","name":"Farmacia LHA","url":"https:\/\/farmacialha.com\/humana\/","logo":{"@type":"ImageObject","inLanguage":"es","@id":"https:\/\/farmacialha.com\/humana\/#\/schema\/logo\/image\/","url":"https:\/\/farmacialha.com\/humana\/wp-content\/uploads\/2024\/09\/TITULOLINEAHUMANA.png","contentUrl":"https:\/\/farmacialha.com\/humana\/wp-content\/uploads\/2024\/09\/TITULOLINEAHUMANA.png","width":720,"height":750,"caption":"Farmacia LHA"},"image":{"@id":"https:\/\/farmacialha.com\/humana\/#\/schema\/logo\/image\/"},"sameAs":["https:\/\/www.instagram.com\/farmacialha\/"]},false]}},"yasr_visitor_votes":{"stars_attributes":{"read_only":false,"span_bottom":false},"number_of_votes":0,"sum_votes":0},"_links":{"self":[{"href":"https:\/\/farmacialha.com\/humana\/wp-json\/wp\/v2\/pages\/12","targetHints":{"allow":["GET"]}}],"collection":[{"href":"https:\/\/farmacialha.com\/humana\/wp-json\/wp\/v2\/pages"}],"about":[{"href":"https:\/\/farmacialha.com\/humana\/wp-json\/wp\/v2\/types\/page"}],"author":[{"embeddable":true,"href":"https:\/\/farmacialha.com\/humana\/wp-json\/wp\/v2\/users\/1"}],"replies":[{"embeddable":true,"href":"https:\/\/farmacialha.com\/humana\/wp-json\/wp\/v2\/comments?post=12"}],"version-history":[{"count":1,"href":"https:\/\/farmacialha.com\/humana\/wp-json\/wp\/v2\/pages\/12\/revisions"}],"predecessor-version":[{"id":4102,"href":"https:\/\/farmacialha.com\/humana\/wp-json\/wp\/v2\/pages\/12\/revisions\/4102"}],"wp:attachment":[{"href":"https:\/\/farmacialha.com\/humana\/wp-json\/wp\/v2\/media?parent=12"}],"curies":[{"name":"wp","href":"https:\/\/api.w.org\/{rel}","templated":true}]}}